{"id":4941,"date":"2021-11-29T07:57:06","date_gmt":"2021-11-29T06:57:06","guid":{"rendered":"https:\/\/usisa.com\/home\/"},"modified":"2023-04-20T16:58:28","modified_gmt":"2023-04-20T14:58:28","slug":"home","status":"publish","type":"page","link":"https:\/\/www.usisa.com\/en\/","title":{"rendered":"Home"},"content":{"rendered":"\n<section class=\"container-fluid fondo-gris marcas-home\">\n<h2 class=\"text-center text-uppercase titulo-home adorno-titulo-center py-5 wow fadeInUp\" data-wow-duration=\"2s\" data-wow-offset=\"10\">Our brands<\/h2>\n<div class=\"row pb-5 px-4 px-lg-5\">\n<div class=\"col-lg-4 mb-4 mb-lg-0 logo-marca d-flex justify-content-center flex-column wow zoomIn\">\n<p class=\"text-center\"><a href=\"https:\/\/www.usisa.com\/en\/brands\/usisa\/\"><img  title=\"Home - USISA\" alt=\"\" loading=\"lazy\" decoding=\"async\" class=\"aligncenter size-full wp-image-4813\" src=\"https:\/\/www.usisa.com\/wp-content\/uploads\/2021\/11\/usisa-logo-dorado.png\" alt=\"\" width=\"182\" height=\"181\" \/><\/a><\/p>\n<p class=\"text-center boton-marca\"><a class=\"btn btn-primary\" href=\"https:\/\/www.usisa.com\/en\/brands\/usisa\/\">Learn more <i class=\"fa fa-angle-right\" aria-hidden=\"true\"><\/i><\/a><\/p>\n<\/div>\n<div class=\"col-lg-4 mb-4 mb-lg-0 logo-marca d-flex justify-content-center flex-column wow zoomIn\" data-wow-delay=\"350ms\">\n<p class=\"text-center\"><a href=\"https:\/\/www.usisa.com\/en\/brands\/tejero\/\"><img alt=\"\" loading=\"lazy\" decoding=\"async\" class=\"aligncenter size-full wp-image-4814\" src=\"https:\/\/www.usisa.com\/wp-content\/uploads\/2021\/11\/tejero-logo.png\" alt=\"\" width=\"290\" height=\"79\" \/><\/a><\/p>\n<p class=\"text-center boton-marca\"><a class=\"btn btn-primary\" href=\"https:\/\/www.usisa.com\/en\/brands\/tejero\/\">Learn more <i class=\"fa fa-angle-right\" aria-hidden=\"true\"><\/i><\/a><\/p>\n<\/div>\n<div class=\"col-lg-4 mb-4 mb-lg-0 logo-marca d-flex justify-content-center flex-column wow zoomIn\" data-wow-delay=\"700ms\">\n<p class=\"text-center\"><a href=\"https:\/\/www.usisa.com\/en\/brands\/el-decano\/\"><img alt=\"\" loading=\"lazy\" decoding=\"async\" class=\"alignnone size-full wp-image-5516\" src=\"https:\/\/www.usisa.com\/wp-content\/uploads\/2022\/03\/decano-logo.png\" alt=\"\" width=\"300\" height=\"88\" \/><\/a><\/p>\n<p class=\"text-center boton-marca\"><a class=\"btn btn-primary\" href=\"https:\/\/www.usisa.com\/en\/brands\/el-decano\/\">Learn more <i class=\"fa fa-angle-right\" aria-hidden=\"true\"><\/i><\/a><\/p>\n<\/div>\n<\/div>\n<p><img alt=\"\" loading=\"lazy\" decoding=\"async\" class=\"aligncenter size-full wp-image-4816 img-full curva-blanca\" src=\"https:\/\/www.usisa.com\/wp-content\/uploads\/\/curva-blanca.svg\" alt=\"\" width=\"1600\" height=\"60\" \/><\/p>\n<\/section>\n<section class=\"container-fluid productos-home pb-5\">\n<h2 class=\"text-center text-uppercase titulo-home adorno-titulo-center pt-5 pb-3 wow fadeInUp\" data-wow-duration=\"2s\">UNI\u00d3N SALAZONERA ISLE\u00d1A PRODUCT RANGE<\/h2>\n<div class=\"row px-4 px-lg-5 mt-4\">\n<div class=\"col-12\"><div class=\"woocommerce columns-3 \"><ul class=\"products columns-3\">\n<li class=\"product type-product post-5888 status-publish first instock product_cat-sunflower-oil-tuna product_cat-tuna product_tag-el-decano-en product_tag-sunflower-oil product_tag-variacion-caja-en has-post-thumbnail sale featured taxable shipping-taxable purchasable product-type-variable has-default-attributes\">\n\t<a href=\"https:\/\/www.usisa.com\/en\/el-decano-light-tuna-in-sunflower-oil-1kg\/\" class=\"woocommerce-LoopProduct-link woocommerce-loop-product__link\">\n\t<span class=\"onsale\">Sale!<\/span>\n\t<img loading=\"lazy\" decoding=\"async\" width=\"540\" height=\"365\" src=\"https:\/\/www.usisa.com\/wp-content\/uploads\/2017\/09\/DECANO-Atun-Oliva-920-540x365.jpg\" class=\"attachment-woocommerce_thumbnail size-woocommerce_thumbnail\"  alt=\"Home - USISA\"   title=\"Home - USISA\"  \/><h2 class=\"woocommerce-loop-product__title\">El Decano &#8211; Tuna in Sunflower Oil 618KG.<\/h2>\n\t<span class=\"price\"><span class='ywcrbp_regular_price'>  <span class=\"woocommerce-Price-amount amount\"><bdi>11,65&nbsp;<span class=\"woocommerce-Price-currencySymbol\">&euro;<\/span><\/bdi><\/span> <span aria-hidden=\"true\">&ndash;<\/span>  <span class=\"woocommerce-Price-amount amount\"><bdi>133,21&nbsp;<span class=\"woocommerce-Price-currencySymbol\">&euro;<\/span><\/bdi><\/span><span class=\"screen-reader-text\">Price range: 11,65&nbsp;&euro; through 133,21&nbsp;&euro;<\/span><\/span><\/span>\n<\/a><a href=\"https:\/\/www.usisa.com\/en\/el-decano-light-tuna-in-sunflower-oil-1kg\/\" aria-describedby=\"woocommerce_loop_add_to_cart_link_describedby_5888\" data-quantity=\"1\" class=\"button product_type_variable add_to_cart_button\" data-product_id=\"5888\" data-product_sku=\"COAV1000T\" aria-label=\"Select options for &ldquo;El Decano - Tuna in Sunflower Oil 618KG.&rdquo;\" rel=\"nofollow\">View product<\/a>\t<span id=\"woocommerce_loop_add_to_cart_link_describedby_5888\" class=\"screen-reader-text\">\n\t\tThis product has multiple variants. The options may be chosen on the product page\t<\/span>\n<span class=\"gtm4wp_productdata\" style=\"display:none; visibility:hidden;\" data-gtm4wp_product_data=\"{&quot;internal_id&quot;:5888,&quot;item_id&quot;:&quot;COAV1000T&quot;,&quot;item_name&quot;:&quot;El Decano - Tuna in Sunflower Oil 618KG.&quot;,&quot;sku&quot;:&quot;COAV1000T&quot;,&quot;price&quot;:126.55,&quot;stocklevel&quot;:null,&quot;stockstatus&quot;:&quot;instock&quot;,&quot;google_business_vertical&quot;:&quot;retail&quot;,&quot;item_category&quot;:&quot;Tinned Products&quot;,&quot;item_category2&quot;:&quot;Tuna&quot;,&quot;item_category3&quot;:&quot;Sunflower Oil&quot;,&quot;id&quot;:&quot;COAV1000T&quot;,&quot;productlink&quot;:&quot;https:\\\/\\\/www.usisa.com\\\/en\\\/el-decano-light-tuna-in-sunflower-oil-1kg\\\/&quot;,&quot;item_list_name&quot;:&quot;Featured Products&quot;,&quot;index&quot;:1,&quot;product_type&quot;:&quot;variable&quot;,&quot;item_brand&quot;:&quot;&quot;}\"><\/span><\/li>\n<li class=\"product type-product post-5848 status-publish instock product_cat-new product_cat-olive-oil-roe product_cat-roe product_tag-olive-oil product_tag-usisa-en product_tag-variacion-caja-en has-post-thumbnail featured taxable shipping-taxable purchasable product-type-variable has-default-attributes\">\n\t<a href=\"https:\/\/www.usisa.com\/en\/usisa-mackererl-roe\/\" class=\"woocommerce-LoopProduct-link woocommerce-loop-product__link\"><img loading=\"lazy\" decoding=\"async\" width=\"540\" height=\"365\" src=\"https:\/\/www.usisa.com\/wp-content\/uploads\/2017\/08\/Huevas-Caballa-EN-NUEVO-03-540x365.jpg\" class=\"attachment-woocommerce_thumbnail size-woocommerce_thumbnail\"  alt=\"Home - USISA\"   title=\"Home - USISA\"  \/><h2 class=\"woocommerce-loop-product__title\">USISA &#8211; Mackerel Roe 90G.<\/h2>\n\t<span class=\"price\"><span class='ywcrbp_regular_price'>  <span class=\"woocommerce-Price-amount amount\"><bdi>4,32&nbsp;<span class=\"woocommerce-Price-currencySymbol\">&euro;<\/span><\/bdi><\/span> <span aria-hidden=\"true\">&ndash;<\/span>  <span class=\"woocommerce-Price-amount amount\"><bdi>148,11&nbsp;<span class=\"woocommerce-Price-currencySymbol\">&euro;<\/span><\/bdi><\/span><span class=\"screen-reader-text\">Price range: 4,32&nbsp;&euro; through 148,11&nbsp;&euro;<\/span><\/span><\/span>\n<\/a><a href=\"https:\/\/www.usisa.com\/en\/usisa-mackererl-roe\/\" aria-describedby=\"woocommerce_loop_add_to_cart_link_describedby_5848\" data-quantity=\"1\" class=\"button product_type_variable add_to_cart_button\" data-product_id=\"5848\" data-product_sku=\"COHC90EN\" aria-label=\"Select options for &ldquo;USISA - Mackerel Roe 90G.&rdquo;\" rel=\"nofollow\">View product<\/a>\t<span id=\"woocommerce_loop_add_to_cart_link_describedby_5848\" class=\"screen-reader-text\">\n\t\tThis product has multiple variants. The options may be chosen on the product page\t<\/span>\n<span class=\"gtm4wp_productdata\" style=\"display:none; visibility:hidden;\" data-gtm4wp_product_data=\"{&quot;internal_id&quot;:5848,&quot;item_id&quot;:&quot;COHC90EN&quot;,&quot;item_name&quot;:&quot;USISA - Mackerel Roe 90G.&quot;,&quot;sku&quot;:&quot;COHC90EN&quot;,&quot;price&quot;:4.32,&quot;stocklevel&quot;:100,&quot;stockstatus&quot;:&quot;instock&quot;,&quot;google_business_vertical&quot;:&quot;retail&quot;,&quot;item_category&quot;:&quot;Tinned Products&quot;,&quot;item_category2&quot;:&quot;Roe&quot;,&quot;item_category3&quot;:&quot;Olive Oil&quot;,&quot;id&quot;:&quot;COHC90EN&quot;,&quot;productlink&quot;:&quot;https:\\\/\\\/www.usisa.com\\\/en\\\/usisa-mackererl-roe\\\/&quot;,&quot;item_list_name&quot;:&quot;Featured Products&quot;,&quot;index&quot;:2,&quot;product_type&quot;:&quot;variable&quot;,&quot;item_brand&quot;:&quot;&quot;}\"><\/span><\/li>\n<li class=\"product type-product post-5838 status-publish last instock product_cat-tasting-packs product_tag-tejero-en product_tag-usisa-en has-post-thumbnail featured taxable shipping-taxable purchasable product-type-variable has-default-attributes\">\n\t<a href=\"https:\/\/www.usisa.com\/en\/usisa-tejero-10-tin-assortment\/\" class=\"woocommerce-LoopProduct-link woocommerce-loop-product__link\"><img loading=\"lazy\" decoding=\"async\" width=\"540\" height=\"365\" src=\"https:\/\/www.usisa.com\/wp-content\/uploads\/2017\/07\/6b6509e7-f89e-4897-85ed-26e82d780939-copia-540x365.jpg\" class=\"attachment-woocommerce_thumbnail size-woocommerce_thumbnail\"  alt=\"Home - USISA\"   title=\"Home - USISA\"  \/><h2 class=\"woocommerce-loop-product__title\">USISA-TEJERO 10-Tin Assortment<\/h2>\n\t<span class=\"price\"><span class='ywcrbp_regular_price'>  <span class=\"woocommerce-Price-amount amount\"><bdi>31,18&nbsp;<span class=\"woocommerce-Price-currencySymbol\">&euro;<\/span><\/bdi><\/span><\/span><\/span>\n<\/a><a href=\"https:\/\/www.usisa.com\/en\/usisa-tejero-10-tin-assortment\/\" aria-describedby=\"woocommerce_loop_add_to_cart_link_describedby_5838\" data-quantity=\"1\" class=\"button product_type_variable add_to_cart_button\" data-product_id=\"5838\" data-product_sku=\"COSUE10\" aria-label=\"Select options for &ldquo;USISA-TEJERO 10-Tin Assortment&rdquo;\" rel=\"nofollow\">View product<\/a>\t<span id=\"woocommerce_loop_add_to_cart_link_describedby_5838\" class=\"screen-reader-text\">\n\t\tThis product has multiple variants. The options may be chosen on the product page\t<\/span>\n<span class=\"gtm4wp_productdata\" style=\"display:none; visibility:hidden;\" data-gtm4wp_product_data=\"{&quot;internal_id&quot;:5838,&quot;item_id&quot;:&quot;COSUE10&quot;,&quot;item_name&quot;:&quot;USISA-TEJERO 10-Tin Assortment&quot;,&quot;sku&quot;:&quot;COSUE10&quot;,&quot;price&quot;:31.18,&quot;stocklevel&quot;:null,&quot;stockstatus&quot;:&quot;instock&quot;,&quot;google_business_vertical&quot;:&quot;retail&quot;,&quot;item_category&quot;:&quot;Tasting Packs&quot;,&quot;id&quot;:&quot;COSUE10&quot;,&quot;productlink&quot;:&quot;https:\\\/\\\/www.usisa.com\\\/en\\\/usisa-tejero-10-tin-assortment\\\/&quot;,&quot;item_list_name&quot;:&quot;Featured Products&quot;,&quot;index&quot;:3,&quot;product_type&quot;:&quot;variable&quot;,&quot;item_brand&quot;:&quot;&quot;}\"><\/span><\/li>\n<li class=\"product type-product post-5875 status-publish first instock product_cat-anchovy product_cat-olive-oil-anchovy product_tag-olive-oil product_tag-usisa-en product_tag-variacion-caja-en has-post-thumbnail featured taxable shipping-taxable purchasable product-type-variable has-default-attributes\">\n\t<a href=\"https:\/\/www.usisa.com\/en\/usisa-coastal-anchovies\/\" class=\"woocommerce-LoopProduct-link woocommerce-loop-product__link\"><img loading=\"lazy\" decoding=\"async\" width=\"540\" height=\"365\" src=\"https:\/\/www.usisa.com\/wp-content\/uploads\/2017\/08\/Boquerones-EN-3d-03-540x365.jpg\" class=\"attachment-woocommerce_thumbnail size-woocommerce_thumbnail\"  alt=\"Home - USISA\"   title=\"Home - USISA\"  \/><h2 class=\"woocommerce-loop-product__title\">USISA &#8211; Anchovies in Olive Oil 80gr.<\/h2>\n\t<span class=\"price\"><span class='ywcrbp_regular_price'>  <span class=\"woocommerce-Price-amount amount\"><bdi>3,14&nbsp;<span class=\"woocommerce-Price-currencySymbol\">&euro;<\/span><\/bdi><\/span> <span aria-hidden=\"true\">&ndash;<\/span>  <span class=\"woocommerce-Price-amount amount\"><bdi>94,20&nbsp;<span class=\"woocommerce-Price-currencySymbol\">&euro;<\/span><\/bdi><\/span><span class=\"screen-reader-text\">Price range: 3,14&nbsp;&euro; through 94,20&nbsp;&euro;<\/span><\/span><\/span>\n<\/a><a href=\"https:\/\/www.usisa.com\/en\/usisa-coastal-anchovies\/\" aria-describedby=\"woocommerce_loop_add_to_cart_link_describedby_5875\" data-quantity=\"1\" class=\"button product_type_variable add_to_cart_button\" data-product_id=\"5875\" data-product_sku=\"COBO125EN\" aria-label=\"Select options for &ldquo;USISA - Anchovies in Olive Oil 80gr.&rdquo;\" rel=\"nofollow\">View product<\/a>\t<span id=\"woocommerce_loop_add_to_cart_link_describedby_5875\" class=\"screen-reader-text\">\n\t\tThis product has multiple variants. The options may be chosen on the product page\t<\/span>\n<span class=\"gtm4wp_productdata\" style=\"display:none; visibility:hidden;\" data-gtm4wp_product_data=\"{&quot;internal_id&quot;:5875,&quot;item_id&quot;:&quot;COBO125EN&quot;,&quot;item_name&quot;:&quot;USISA - Anchovies in Olive Oil 80gr.&quot;,&quot;sku&quot;:&quot;COBO125EN&quot;,&quot;price&quot;:3.14,&quot;stocklevel&quot;:null,&quot;stockstatus&quot;:&quot;instock&quot;,&quot;google_business_vertical&quot;:&quot;retail&quot;,&quot;item_category&quot;:&quot;Tinned Products&quot;,&quot;item_category2&quot;:&quot;Anchovy&quot;,&quot;item_category3&quot;:&quot;Olive Oil&quot;,&quot;id&quot;:&quot;COBO125EN&quot;,&quot;productlink&quot;:&quot;https:\\\/\\\/www.usisa.com\\\/en\\\/usisa-coastal-anchovies\\\/&quot;,&quot;item_list_name&quot;:&quot;Featured Products&quot;,&quot;index&quot;:4,&quot;product_type&quot;:&quot;variable&quot;,&quot;item_brand&quot;:&quot;&quot;}\"><\/span><\/li>\n<li class=\"product type-product post-6019 status-publish instock product_cat-frigate-mackerel product_cat-olive-oil-en product_cat-tinned-products product_tag-olive-oil product_tag-tejero-en product_tag-variacion-caja-en has-post-thumbnail sale featured taxable shipping-taxable purchasable product-type-variable has-default-attributes\">\n\t<a href=\"https:\/\/www.usisa.com\/en\/tejero-frigate-mackerel-fillet-in-olive-oil\/\" class=\"woocommerce-LoopProduct-link woocommerce-loop-product__link\">\n\t<span class=\"onsale\">Sale!<\/span>\n\t<img loading=\"lazy\" decoding=\"async\" width=\"540\" height=\"365\" src=\"https:\/\/www.usisa.com\/wp-content\/uploads\/2017\/07\/Melva-Oliva-125-TEJERO-lateral-1-scaled-540x365.jpg\" class=\"attachment-woocommerce_thumbnail size-woocommerce_thumbnail\"  alt=\"Home - USISA\"   title=\"Home - USISA\"  \/><h2 class=\"woocommerce-loop-product__title\">TEJERO &#8211; Frigate Mackerel Fillets in Olive Oil  125gr.<\/h2>\n\t<span class=\"price\"><span class='ywcrbp_regular_price'>  <span class=\"woocommerce-Price-amount amount\"><bdi>3,69&nbsp;<span class=\"woocommerce-Price-currencySymbol\">&euro;<\/span><\/bdi><\/span> <span aria-hidden=\"true\">&ndash;<\/span>  <span class=\"woocommerce-Price-amount amount\"><bdi>110,82&nbsp;<span class=\"woocommerce-Price-currencySymbol\">&euro;<\/span><\/bdi><\/span><span class=\"screen-reader-text\">Price range: 3,69&nbsp;&euro; through 110,82&nbsp;&euro;<\/span><\/span><\/span>\n<\/a><a href=\"https:\/\/www.usisa.com\/en\/tejero-frigate-mackerel-fillet-in-olive-oil\/\" aria-describedby=\"woocommerce_loop_add_to_cart_link_describedby_6019\" data-quantity=\"1\" class=\"button product_type_variable add_to_cart_button\" data-product_id=\"6019\" data-product_sku=\"COMO125\" aria-label=\"Select options for &ldquo;TEJERO - Frigate Mackerel Fillets in Olive Oil  125gr.&rdquo;\" rel=\"nofollow\">View product<\/a>\t<span id=\"woocommerce_loop_add_to_cart_link_describedby_6019\" class=\"screen-reader-text\">\n\t\tThis product has multiple variants. The options may be chosen on the product page\t<\/span>\n<span class=\"gtm4wp_productdata\" style=\"display:none; visibility:hidden;\" data-gtm4wp_product_data=\"{&quot;internal_id&quot;:6019,&quot;item_id&quot;:&quot;COMO125&quot;,&quot;item_name&quot;:&quot;TEJERO - Frigate Mackerel Fillets in Olive Oil  125gr.&quot;,&quot;sku&quot;:&quot;COMO125&quot;,&quot;price&quot;:3.69,&quot;stocklevel&quot;:null,&quot;stockstatus&quot;:&quot;instock&quot;,&quot;google_business_vertical&quot;:&quot;retail&quot;,&quot;item_category&quot;:&quot;Tinned Products&quot;,&quot;item_category2&quot;:&quot;Frigate mackerel&quot;,&quot;item_category3&quot;:&quot;Olive Oil&quot;,&quot;id&quot;:&quot;COMO125&quot;,&quot;productlink&quot;:&quot;https:\\\/\\\/www.usisa.com\\\/en\\\/tejero-frigate-mackerel-fillet-in-olive-oil\\\/&quot;,&quot;item_list_name&quot;:&quot;Featured Products&quot;,&quot;index&quot;:5,&quot;product_type&quot;:&quot;variable&quot;,&quot;item_brand&quot;:&quot;&quot;}\"><\/span><\/li>\n<li class=\"product type-product post-5760 status-publish last instock product_cat-protected-geographical-indication-pgi product_cat-salt-cured-products product_tag-salt-cured-products product_tag-usisa-en has-post-thumbnail featured taxable shipping-taxable purchasable product-type-variable has-default-attributes\">\n\t<a href=\"https:\/\/www.usisa.com\/en\/extra-mojama-piece-of-isla-cristina\/\" class=\"woocommerce-LoopProduct-link woocommerce-loop-product__link\"><img loading=\"lazy\" decoding=\"async\" width=\"540\" height=\"365\" src=\"https:\/\/www.usisa.com\/wp-content\/uploads\/2017\/07\/637-Trozo-Mojama-extra-de-Isla-Cristina-540x365.jpg\" class=\"attachment-woocommerce_thumbnail size-woocommerce_thumbnail\"  alt=\"Home - USISA\"   title=\"Home - USISA\"  \/><h2 class=\"woocommerce-loop-product__title\">USISA &#8211; Piece of IGP Mojama extra of Isla Cristina (Dry Tuna)<\/h2>\n\t<span class=\"price\"><span class='ywcrbp_regular_price'>  <span class=\"woocommerce-Price-amount amount\"><bdi>11,95&nbsp;<span class=\"woocommerce-Price-currencySymbol\">&euro;<\/span><\/bdi><\/span> <span aria-hidden=\"true\">&ndash;<\/span>  <span class=\"woocommerce-Price-amount amount\"><bdi>47,80&nbsp;<span class=\"woocommerce-Price-currencySymbol\">&euro;<\/span><\/bdi><\/span><span class=\"screen-reader-text\">Price range: 11,95&nbsp;&euro; through 47,80&nbsp;&euro;<\/span><\/span><\/span>\n<\/a><a href=\"https:\/\/www.usisa.com\/en\/extra-mojama-piece-of-isla-cristina\/\" aria-describedby=\"woocommerce_loop_add_to_cart_link_describedby_5760\" data-quantity=\"1\" class=\"button product_type_variable add_to_cart_button\" data-product_id=\"5760\" data-product_sku=\"MOEXTR\" aria-label=\"Select options for &ldquo;USISA - Piece of IGP Mojama extra of Isla Cristina (Dry Tuna)&rdquo;\" rel=\"nofollow\">View product<\/a>\t<span id=\"woocommerce_loop_add_to_cart_link_describedby_5760\" class=\"screen-reader-text\">\n\t\tThis product has multiple variants. The options may be chosen on the product page\t<\/span>\n<span class=\"gtm4wp_productdata\" style=\"display:none; visibility:hidden;\" data-gtm4wp_product_data=\"{&quot;internal_id&quot;:5760,&quot;item_id&quot;:&quot;MOEXTR&quot;,&quot;item_name&quot;:&quot;USISA - Piece of IGP Mojama extra of Isla Cristina (Dry Tuna)&quot;,&quot;sku&quot;:&quot;MOEXTR&quot;,&quot;price&quot;:11.95,&quot;stocklevel&quot;:null,&quot;stockstatus&quot;:&quot;instock&quot;,&quot;google_business_vertical&quot;:&quot;retail&quot;,&quot;item_category&quot;:&quot;Protected Geographical Indication (PGI)&quot;,&quot;id&quot;:&quot;MOEXTR&quot;,&quot;productlink&quot;:&quot;https:\\\/\\\/www.usisa.com\\\/en\\\/extra-mojama-piece-of-isla-cristina\\\/&quot;,&quot;item_list_name&quot;:&quot;Featured Products&quot;,&quot;index&quot;:6,&quot;product_type&quot;:&quot;variable&quot;,&quot;item_brand&quot;:&quot;&quot;}\"><\/span><\/li>\n<\/ul>\n<\/div><\/div>\n<\/div>\n<\/section>\n<section class=\"container-fluid jarallax porque-home\">\n<h2 class=\"text-center texto-dorado text-uppercase titulo-home adorno-titulo-dorado-center pt-5 pb-3 wow fadeInUp\" data-wow-duration=\"2s\">WHY CHOOSE UNI\u00d3N SALAZONERA ISLE\u00d1A?<\/h2>\n<div class=\"row px-4 px-lg-5 mt-4 pb-5\">\n<div class=\"col-12 col-md-6 col-lg-3 px-3 wow zoomIn\">\n<p class=\"text-center\"><img alt=\"\" loading=\"lazy\" decoding=\"async\" class=\"alignnone size-full wp-image-5518\" src=\"https:\/\/www.usisa.com\/wp-content\/uploads\/\/icono-entorno.svg\" alt=\"\" width=\"140\" height=\"140\" \/><\/p>\n<h3 class=\"text-center texto-blanco mb-3\">Honouring tradition and respecting the environment<\/h3>\n<p class=\"text-center texto-blanco\">We use traditional techniques passed down from generation to generation to ensure the best preservation of the organoleptic properties of the raw material and guarantee the use of sustainable practices to care for our oceans.<\/p>\n<\/div>\n<div class=\"col-12 col-md-6 col-lg-3 px-3 wow zoomIn\" data-wow-delay=\"300ms\">\n<p class=\"text-center\"><img alt=\"\" loading=\"lazy\" decoding=\"async\" class=\"alignnone size-full wp-image-4821\" src=\"https:\/\/www.usisa.com\/wp-content\/uploads\/\/icono-artesanal.svg\" alt=\"\" width=\"140\" height=\"140\" \/><\/p>\n<h3 class=\"text-center texto-blanco mb-3\">Heritage and commitment<\/h3>\n<p class=\"text-center texto-blanco\">The know-how passed down by our predecessors, combined with the innovation and new technologies implemented in the production process, are the keys to our success as industry leaders over the last 49 years. We are committed both to our customers and the quality of our products.<\/p>\n<\/div>\n<div class=\"col-12 col-md-6 col-lg-3 px-3 wow zoomIn\" data-wow-delay=\"600ms\">\n<p class=\"text-center\"><img alt=\"\" loading=\"lazy\" decoding=\"async\" class=\"alignnone size-full wp-image-5517\" src=\"https:\/\/www.usisa.com\/wp-content\/uploads\/\/icono-isla-cristina.svg\" alt=\"\" width=\"140\" height=\"140\" \/><\/p>\n<h3 class=\"text-center texto-blanco mb-3\">The best possible location: Isla Cristina<\/h3>\n<p class=\"text-center texto-blanco\">Our location provides us with high-quality, internationally-recognised raw material with a unique identity and flavour.<\/p>\n<\/div>\n<div class=\"col-12 col-md-6 col-lg-3 px-3 wow zoomIn\" data-wow-delay=\"900ms\">\n<p class=\"text-center\"><img alt=\"\" loading=\"lazy\" decoding=\"async\" class=\"alignnone size-full wp-image-4822\" src=\"https:\/\/www.usisa.com\/wp-content\/uploads\/\/icono-fresco.svg\" alt=\"\" width=\"140\" height=\"140\" \/><\/p>\n<h3 class=\"text-center texto-blanco mb-3\">100% natural production<\/h3>\n<p class=\"text-center texto-blanco\">To guarantee the highest quality, our products have a 100% natural production process. From manual peeling to guarantee maximum cleanliness of the fish with minimum impact on quality, to use of the best, 100% Spanish covering liquids to ensure minimum processing of the final product.<\/p>\n<\/div>\n<\/div>\n<p><img alt=\"\" loading=\"lazy\" decoding=\"async\" class=\"aligncenter size-full wp-image-4816 img-full curva-blanca\" src=\"https:\/\/www.usisa.com\/wp-content\/uploads\/\/curva-blanca.svg\" alt=\"\" width=\"1600\" height=\"60\" \/><\/p>\n<\/section>\n<section class=\"container-fluid video-home\">\n<h2 class=\"text-center text-uppercase titulo-home adorno-titulo-center pt-5 pb-3 wow fadeInUp\" data-wow-duration=\"2s\">ABOUT OUR FACILITIES <\/h2>\n<p><iframe class=\"iframe-video-home\" src=\"https:\/\/www.youtube.com\/embed\/iKsO9WvnPog?controls=0\"><\/iframe><\/p>\n<\/section>\n","protected":false},"excerpt":{"rendered":"<p>Our brands Learn more Learn more Learn more UNI\u00d3N SALAZONERA ISLE\u00d1A PRODUCT RANGE WHY CHOOSE UNI\u00d3N SALAZONERA ISLE\u00d1A? Honouring tradition<\/p>\n<a class=\"btn btn-primary read-more-button\" href=\"https:\/\/www.usisa.com\/en\/\">Leer m\u00e1s<\/a>","protected":false},"author":1,"featured_media":4813,"parent":0,"menu_order":0,"comment_status":"closed","ping_status":"closed","template":"pages-templates\/empty-page.php","meta":{"_acf_changed":false,"_seopress_robots_primary_cat":"","_seopress_titles_title":"","_seopress_titles_desc":"","_seopress_robots_index":"","inline_featured_image":false,"_joinchat":[],"footnotes":""},"class_list":["post-4941","page","type-page","status-publish","has-post-thumbnail","hentry"],"acf":[],"_links":{"self":[{"href":"https:\/\/www.usisa.com\/en\/wp-json\/wp\/v2\/pages\/4941","targetHints":{"allow":["GET"]}}],"collection":[{"href":"https:\/\/www.usisa.com\/en\/wp-json\/wp\/v2\/pages"}],"about":[{"href":"https:\/\/www.usisa.com\/en\/wp-json\/wp\/v2\/types\/page"}],"author":[{"embeddable":true,"href":"https:\/\/www.usisa.com\/en\/wp-json\/wp\/v2\/users\/1"}],"replies":[{"embeddable":true,"href":"https:\/\/www.usisa.com\/en\/wp-json\/wp\/v2\/comments?post=4941"}],"version-history":[{"count":0,"href":"https:\/\/www.usisa.com\/en\/wp-json\/wp\/v2\/pages\/4941\/revisions"}],"wp:featuredmedia":[{"embeddable":true,"href":"https:\/\/www.usisa.com\/en\/wp-json\/wp\/v2\/media\/4813"}],"wp:attachment":[{"href":"https:\/\/www.usisa.com\/en\/wp-json\/wp\/v2\/media?parent=4941"}],"curies":[{"name":"wp","href":"https:\/\/api.w.org\/{rel}","templated":true}]}}