{"id":5688,"date":"2021-11-29T10:14:44","date_gmt":"2021-11-29T09:14:44","guid":{"rendered":"https:\/\/usisa.com\/union-salazonera-islena\/"},"modified":"2022-08-04T10:57:06","modified_gmt":"2022-08-04T08:57:06","slug":"union-salazonera-islena","status":"publish","type":"page","link":"https:\/\/www.usisa.com\/en\/union-salazonera-islena\/","title":{"rendered":"Uni\u00f3n Salazonera Isle\u00f1a"},"content":{"rendered":"<div class=\"container-fluid cabecera-pagina p-0\">\n<img  title=\"Uni\u00f3n Salazonera Isle\u00f1a - USISA\" alt=\"\" decoding=\"async\" src=\"https:\/\/www.usisa.com\/wp-content\/uploads\/2022\/04\/cabecera-union-salazonera-islena.jpg\" alt=\"\" width=\"1600\" height=\"600\" class=\"alignnone size-full wp-image-5524 img-cover\" srcset=\"https:\/\/www.usisa.com\/wp-content\/uploads\/2022\/04\/cabecera-union-salazonera-islena.jpg 1600w, https:\/\/www.usisa.com\/wp-content\/uploads\/2022\/04\/cabecera-union-salazonera-islena-300x113.jpg 300w, https:\/\/www.usisa.com\/wp-content\/uploads\/2022\/04\/cabecera-union-salazonera-islena-800x300.jpg 800w, https:\/\/www.usisa.com\/wp-content\/uploads\/2022\/04\/cabecera-union-salazonera-islena-1024x384.jpg 1024w, https:\/\/www.usisa.com\/wp-content\/uploads\/2022\/04\/cabecera-union-salazonera-islena-768x288.jpg 768w, https:\/\/www.usisa.com\/wp-content\/uploads\/2022\/04\/cabecera-union-salazonera-islena-1536x576.jpg 1536w\" sizes=\"(max-width: 1600px) 100vw, 1600px\" \/><br \/>\n<nav aria-label=\"breadcrumbs\">\n            <div class=\"breadcrumb-container theme1\">\n                <ol>\n                                    <\/ol>\n            <\/div>\n        <\/nav>    <script type=\"application\/ld+json\">\n        {\n            \"@context\": \"http:\/\/schema.org\",\n            \"@type\": \"BreadcrumbList\",\n            \"itemListElement\": [\n                            ]\n        }\n    <\/script>\n   \n    <script>\n            <\/script>\n\n<\/div>\n<section class=\"container-fluid marcas-home p-0\">\n<h2 class=\"text-center text-uppercase titulo-home adorno-titulo-center py-5 wow fadeInUp\" data-wow-duration=\"2s\" data-wow-offset=\"10\">Uni\u00f3n Salazonera Isle\u00f1a<\/h2>\n<\/section>\n<section class=\"container-fluid\">\n<div class=\"row px-4 px-lg-5 mt-4 pb-5\">\n<div class=\"col-lg-4 px-lg-4 mb-4 wow zoomIn\">\n<div class=\"fondo-gris corner-rounded box-shadow p-4 h-100\">\n<p class=\"text-center\"><a href=\"https:\/\/www.usisa.com\/en\/union-salazonera-islena\/our-dna\/\"><img alt=\"\" decoding=\"async\" src=\"https:\/\/www.usisa.com\/wp-content\/uploads\/2022\/01\/icono-origen.svg\" alt=\"\" width=\"140\" height=\"140\" class=\"alignnone size-full wp-image-4836\"><\/a><\/p>\n<h3 class=\"text-center mb-3\"><a href=\"https:\/\/www.usisa.com\/en\/union-salazonera-islena\/our-dna\/\">Our DNA<\/a><\/h3>\n<p class=\"text-center texto-semi-destacado mb-3\">The origin of Uni\u00f3n Salazonera Isle\u00f1a\u2019s products, the municipality of Isla Cristina, is one of our company\u2019s greatest assets.<\/p>\n<p class=\"text-center\"><a href=\"https:\/\/www.usisa.com\/en\/union-salazonera-islena\/our-dna\/\" class=\"btn btn-primary\">More info <i class=\"fa fa-angle-right\" aria-hidden=\"true\"><\/i><\/a><\/p>\n<\/div>\n<\/div>\n<div class=\"col-lg-4 px-lg-4 mb-4 wow zoomIn\" data-wow-delay=\"300ms\">\n<div class=\"fondo-gris corner-rounded box-shadow p-4 h-100\">\n<p class=\"text-center\"><a href=\"https:\/\/www.usisa.com\/en\/union-salazonera-islena\/heritage\/\"><img alt=\"\" decoding=\"async\" src=\"https:\/\/www.usisa.com\/wp-content\/uploads\/2022\/01\/icono-equipo.svg\" alt=\"\" width=\"140\" height=\"140\" class=\"alignnone size-full wp-image-4834\"><\/a><\/p>\n<h3 class=\"text-center mb-3\"><a href=\"https:\/\/www.usisa.com\/en\/union-salazonera-islena\/heritage\/\">HERITAGE<\/a><\/h3>\n<p class=\"text-center texto-semi-destacado mb-3\">From the very beginning, every generation that\u2019s passed through Uni\u00f3n Salazonera Isle\u00f1a has taken responsibility for preserving and growing the legacy we\u2019ve received.<\/p>\n<p class=\"text-center\"><a href=\"https:\/\/www.usisa.com\/en\/union-salazonera-islena\/heritage\/\" class=\"btn btn-primary\">More info <i class=\"fa fa-angle-right\" aria-hidden=\"true\"><\/i><\/a><\/p>\n<\/div>\n<\/div>\n<div class=\"col-lg-4 px-lg-4 mb-4 wow zoomIn\" data-wow-delay=\"600ms\">\n<div class=\"fondo-gris corner-rounded box-shadow p-4 h-100\">\n<p class=\"text-center\"><a href=\"https:\/\/www.usisa.com\/en\/union-salazonera-islena\/facilities\/\"><img alt=\"\" decoding=\"async\" src=\"https:\/\/www.usisa.com\/wp-content\/uploads\/2022\/04\/icono-instalaciones.svg\" alt=\"\" width=\"140\" height=\"140\" class=\"alignnone size-full wp-image-5523\"><\/a><\/p>\n<h3 class=\"text-center mb-3\"><a href=\"https:\/\/www.usisa.com\/en\/union-salazonera-islena\/facilities\/\">Facilities<\/a><\/h3>\n<p class=\"text-center texto-semi-destacado mb-3\">With the arrival of the 21st century, Uni\u00f3n Salazonera Isle\u00f1a took what was perhaps the most important and largest step forward in the company\u2019s history.<\/p>\n<p class=\"text-center\"><a href=\"https:\/\/www.usisa.com\/en\/union-salazonera-islena\/facilities\/\" class=\"btn btn-primary\">More info <i class=\"fa fa-angle-right\" aria-hidden=\"true\"><\/i><\/a><\/p>\n<\/div>\n<\/div>\n<\/div>\n<\/section>\n","protected":false},"excerpt":{"rendered":"<p>Uni\u00f3n Salazonera Isle\u00f1a Our DNA The origin of Uni\u00f3n Salazonera Isle\u00f1a\u2019s products, the municipality of Isla Cristina, is one of<\/p>\n<a class=\"btn btn-primary read-more-button\" href=\"https:\/\/www.usisa.com\/en\/union-salazonera-islena\/\">Leer m\u00e1s<\/a>","protected":false},"author":1,"featured_media":0,"parent":0,"menu_order":0,"comment_status":"closed","ping_status":"closed","template":"pages-templates\/empty-page.php","meta":{"_acf_changed":false,"_seopress_robots_primary_cat":"","_seopress_titles_title":"","_seopress_titles_desc":"","_seopress_robots_index":"","inline_featured_image":false,"_joinchat":[],"footnotes":""},"class_list":["post-5688","page","type-page","status-publish","hentry"],"acf":[],"_links":{"self":[{"href":"https:\/\/www.usisa.com\/en\/wp-json\/wp\/v2\/pages\/5688","targetHints":{"allow":["GET"]}}],"collection":[{"href":"https:\/\/www.usisa.com\/en\/wp-json\/wp\/v2\/pages"}],"about":[{"href":"https:\/\/www.usisa.com\/en\/wp-json\/wp\/v2\/types\/page"}],"author":[{"embeddable":true,"href":"https:\/\/www.usisa.com\/en\/wp-json\/wp\/v2\/users\/1"}],"replies":[{"embeddable":true,"href":"https:\/\/www.usisa.com\/en\/wp-json\/wp\/v2\/comments?post=5688"}],"version-history":[{"count":0,"href":"https:\/\/www.usisa.com\/en\/wp-json\/wp\/v2\/pages\/5688\/revisions"}],"wp:attachment":[{"href":"https:\/\/www.usisa.com\/en\/wp-json\/wp\/v2\/media?parent=5688"}],"curies":[{"name":"wp","href":"https:\/\/api.w.org\/{rel}","templated":true}]}}