{"id":13774,"date":"2023-04-25T13:22:21","date_gmt":"2023-04-25T11:22:21","guid":{"rendered":"https:\/\/www.usisa.com\/pate-de-sardina-picante-manna-65gr\/"},"modified":"2024-07-02T10:21:13","modified_gmt":"2024-07-02T08:21:13","slug":"pate-de-sardina-picante-manna-65gr","status":"publish","type":"product","link":"https:\/\/www.usisa.com\/en\/pate-de-sardina-picante-manna-65gr\/","title":{"rendered":"MANN\u00c1 &#8211; Pat\u00e9 de Sardina Picante 65gr"},"content":{"rendered":"<p>The Mann\u00e1 Spicy Sardine Pate, unmistakable, creamy and made without added colorings or preservatives, is perfect as a spread.<\/p>\n<p>This Spicy version makes it even more addictive.<\/p>\n<p>That special moment at the beginning of the meal or your practical and tasty snack that you cannot do without.<\/p>\n<p>\u2022 No added colors or preservatives<br \/>\n\u2022 Without gluten<br \/>\n\u2022 Protein source<br \/>\n\u2022 Contains omega-3 fatty acids<br \/>\n\u2022Contains Calcium, Magnesium, Iron, Phosphorus and Zinc<br \/>\n\u2022 Preservation of vitamins A and B complex and vitamin D<br \/>\n\u2022 Blue Fish<br \/>\n\u2022 Wild fish<br \/>\n\u2022 Practical and Tasty<\/p>\n","protected":false},"excerpt":{"rendered":"<p>Sardine P\u00e2t\u00e9 from the Portuguese brand Mann\u00e1.<\/p>\n<a class=\"btn btn-primary read-more-button\" href=\"https:\/\/www.usisa.com\/en\/pate-de-sardina-picante-manna-65gr\/\">Leer m\u00e1s<\/a>","protected":false},"featured_media":24943,"comment_status":"open","ping_status":"closed","template":"","meta":{"_acf_changed":false,"_seopress_robots_primary_cat":"","_seopress_titles_title":"","_seopress_titles_desc":"","_seopress_robots_index":"","inline_featured_image":false,"_joinchat":[]},"product_brand":[],"product_cat":[520],"product_tag":[454],"class_list":{"0":"post-13774","1":"product","2":"type-product","3":"status-publish","4":"has-post-thumbnail","6":"product_cat-other-products","7":"product_tag-manna-en","9":"first","10":"instock","11":"taxable","12":"shipping-taxable","13":"purchasable","14":"product-type-simple"},"acf":[],"_links":{"self":[{"href":"https:\/\/www.usisa.com\/en\/wp-json\/wp\/v2\/product\/13774","targetHints":{"allow":["GET"]}}],"collection":[{"href":"https:\/\/www.usisa.com\/en\/wp-json\/wp\/v2\/product"}],"about":[{"href":"https:\/\/www.usisa.com\/en\/wp-json\/wp\/v2\/types\/product"}],"replies":[{"embeddable":true,"href":"https:\/\/www.usisa.com\/en\/wp-json\/wp\/v2\/comments?post=13774"}],"wp:featuredmedia":[{"embeddable":true,"href":"https:\/\/www.usisa.com\/en\/wp-json\/wp\/v2\/media\/24943"}],"wp:attachment":[{"href":"https:\/\/www.usisa.com\/en\/wp-json\/wp\/v2\/media?parent=13774"}],"wp:term":[{"taxonomy":"product_brand","embeddable":true,"href":"https:\/\/www.usisa.com\/en\/wp-json\/wp\/v2\/product_brand?post=13774"},{"taxonomy":"product_cat","embeddable":true,"href":"https:\/\/www.usisa.com\/en\/wp-json\/wp\/v2\/product_cat?post=13774"},{"taxonomy":"product_tag","embeddable":true,"href":"https:\/\/www.usisa.com\/en\/wp-json\/wp\/v2\/product_tag?post=13774"}],"curies":[{"name":"wp","href":"https:\/\/api.w.org\/{rel}","templated":true}]}}