{"id":5768,"date":"2022-02-01T22:08:08","date_gmt":"2022-02-01T21:08:08","guid":{"rendered":"https:\/\/usisa.com\/producto\/manna-prawn-pate-88g-4x22\/"},"modified":"2024-07-02T11:26:14","modified_gmt":"2024-07-02T09:26:14","slug":"prawn-pate-manna-88gr-4x22","status":"publish","type":"product","link":"https:\/\/www.usisa.com\/en\/prawn-pate-manna-88gr-4x22\/","title":{"rendered":"MANN\u00c1 &#8211; Prawn P\u00e2t\u00e9 88g (4&#215;22)"},"content":{"rendered":"<p>The Mann\u00e1 Shrimp Pate, creamy and made without the addition of colorings or preservatives, is perfect as a spread.<\/p>\n<p>That special moment at the beginning of the meal or your practical and tasty snack that you cannot do without.<\/p>\n<p>\u2022 No added colors or preservatives<br \/>\n\u2022 Practical and Tasty<\/p>\n","protected":false},"excerpt":{"rendered":"<p>The Mann\u00e1 Shrimp Pate, creamy and made without the addition of colorings or preservatives, is perfect as a spread. That<\/p>\n<a class=\"btn btn-primary read-more-button\" href=\"https:\/\/www.usisa.com\/en\/prawn-pate-manna-88gr-4x22\/\">Leer m\u00e1s<\/a>","protected":false},"featured_media":12721,"comment_status":"open","ping_status":"closed","template":"","meta":{"_acf_changed":false,"_seopress_robots_primary_cat":"","_seopress_titles_title":"","_seopress_titles_desc":"","_seopress_robots_index":"","inline_featured_image":false,"_joinchat":[]},"product_brand":[],"product_cat":[520],"product_tag":[454],"class_list":{"0":"post-5768","1":"product","2":"type-product","3":"status-publish","4":"has-post-thumbnail","6":"product_cat-other-products","7":"product_tag-manna-en","9":"first","10":"outofstock","11":"taxable","12":"shipping-taxable","13":"purchasable","14":"product-type-simple"},"acf":[],"_links":{"self":[{"href":"https:\/\/www.usisa.com\/en\/wp-json\/wp\/v2\/product\/5768","targetHints":{"allow":["GET"]}}],"collection":[{"href":"https:\/\/www.usisa.com\/en\/wp-json\/wp\/v2\/product"}],"about":[{"href":"https:\/\/www.usisa.com\/en\/wp-json\/wp\/v2\/types\/product"}],"replies":[{"embeddable":true,"href":"https:\/\/www.usisa.com\/en\/wp-json\/wp\/v2\/comments?post=5768"}],"wp:featuredmedia":[{"embeddable":true,"href":"https:\/\/www.usisa.com\/en\/wp-json\/wp\/v2\/media\/12721"}],"wp:attachment":[{"href":"https:\/\/www.usisa.com\/en\/wp-json\/wp\/v2\/media?parent=5768"}],"wp:term":[{"taxonomy":"product_brand","embeddable":true,"href":"https:\/\/www.usisa.com\/en\/wp-json\/wp\/v2\/product_brand?post=5768"},{"taxonomy":"product_cat","embeddable":true,"href":"https:\/\/www.usisa.com\/en\/wp-json\/wp\/v2\/product_cat?post=5768"},{"taxonomy":"product_tag","embeddable":true,"href":"https:\/\/www.usisa.com\/en\/wp-json\/wp\/v2\/product_tag?post=5768"}],"curies":[{"name":"wp","href":"https:\/\/api.w.org\/{rel}","templated":true}]}}