{"id":5772,"date":"2020-09-07T14:28:16","date_gmt":"2020-09-07T12:28:16","guid":{"rendered":"https:\/\/usisa.com\/producto\/manna-tuna-pate-88g-4x22\/"},"modified":"2025-11-01T11:29:25","modified_gmt":"2025-11-01T10:29:25","slug":"manna-tuna-pate","status":"publish","type":"product","link":"https:\/\/www.usisa.com\/en\/manna-tuna-pate\/","title":{"rendered":"MANN\u00c1 &#8211; Tuna P\u00e2t\u00e9 88g (4&#215;22)"},"content":{"rendered":"<p>The Mann\u00e1 Tuna Pate, creamy and made without the addition of colorings or preservatives, is perfect as a spread.<\/p>\n<p>That special moment at the beginning of the meal or your practical and tasty snack that you cannot do without.<\/p>\n<p>\u2022 No added colors or preservatives<br \/>\n\u2022 Without gluten<br \/>\n\u2022 Protein source<br \/>\n\u2022 Contains omega-3 fatty acids<br \/>\n\u2022Contains Calcium, Magnesium, Iron, Phosphorus and Zinc<br \/>\n\u2022 Preservation of vitamins A and B complex and vitamin D<br \/>\n\u2022 Blue Fish<br \/>\n\u2022 Wild fish<br \/>\n\u2022 Practical and Tasty<\/p>\n","protected":false},"excerpt":{"rendered":"<p>Tuna P\u00e2t\u00e9 from the Portuguese brand Mann\u00e1.<\/p>\n<p>4 units of 22g each.<\/p>\n<a class=\"btn btn-primary read-more-button\" href=\"https:\/\/www.usisa.com\/en\/manna-tuna-pate\/\">Leer m\u00e1s<\/a>","protected":false},"featured_media":14461,"comment_status":"open","ping_status":"closed","template":"","meta":{"_acf_changed":false,"_seopress_robots_primary_cat":"","_seopress_titles_title":"","_seopress_titles_desc":"","_seopress_robots_index":"","inline_featured_image":false,"_joinchat":[]},"product_brand":[],"product_cat":[520],"product_tag":[454],"class_list":{"0":"post-5772","1":"product","2":"type-product","3":"status-publish","4":"has-post-thumbnail","6":"product_cat-other-products","7":"product_tag-manna-en","9":"first","10":"instock","11":"taxable","12":"shipping-taxable","13":"purchasable","14":"product-type-simple"},"acf":[],"_links":{"self":[{"href":"https:\/\/www.usisa.com\/en\/wp-json\/wp\/v2\/product\/5772","targetHints":{"allow":["GET"]}}],"collection":[{"href":"https:\/\/www.usisa.com\/en\/wp-json\/wp\/v2\/product"}],"about":[{"href":"https:\/\/www.usisa.com\/en\/wp-json\/wp\/v2\/types\/product"}],"replies":[{"embeddable":true,"href":"https:\/\/www.usisa.com\/en\/wp-json\/wp\/v2\/comments?post=5772"}],"wp:featuredmedia":[{"embeddable":true,"href":"https:\/\/www.usisa.com\/en\/wp-json\/wp\/v2\/media\/14461"}],"wp:attachment":[{"href":"https:\/\/www.usisa.com\/en\/wp-json\/wp\/v2\/media?parent=5772"}],"wp:term":[{"taxonomy":"product_brand","embeddable":true,"href":"https:\/\/www.usisa.com\/en\/wp-json\/wp\/v2\/product_brand?post=5772"},{"taxonomy":"product_cat","embeddable":true,"href":"https:\/\/www.usisa.com\/en\/wp-json\/wp\/v2\/product_cat?post=5772"},{"taxonomy":"product_tag","embeddable":true,"href":"https:\/\/www.usisa.com\/en\/wp-json\/wp\/v2\/product_tag?post=5772"}],"curies":[{"name":"wp","href":"https:\/\/api.w.org\/{rel}","templated":true}]}}