{"id":5773,"date":"2020-09-07T14:55:20","date_gmt":"2020-09-07T12:55:20","guid":{"rendered":"https:\/\/usisa.com\/producto\/manna-tuna-sardine-pate-88g-4x22\/"},"modified":"2024-07-02T10:36:48","modified_gmt":"2024-07-02T08:36:48","slug":"tuna-sardine-pate-manna","status":"publish","type":"product","link":"https:\/\/www.usisa.com\/en\/tuna-sardine-pate-manna\/","title":{"rendered":"MANN\u00c1 &#8211; Tuna + Sardine P\u00e2t\u00e9 88g (4&#215;22)"},"content":{"rendered":"<p>Special pack that brings together our two most popular Pat\u00e9s.<\/p>\n<p>2 units of Sardine Pate and 2 units of Mann\u00e1 Tuna Pate, creamy and made without added colorings or preservatives, they are perfect for spreading.<\/p>\n<p>That special moment at the beginning of the meal or your practical and tasty snack that you cannot do without.<\/p>\n<p>\u2022 No added colors or preservatives<br \/>\n\u2022 Without gluten<br \/>\n\u2022 Protein source<br \/>\n\u2022 Contains omega-3 fatty acids<br \/>\n\u2022Contains Calcium, Magnesium, Iron, Phosphorus and Zinc<br \/>\n\u2022 Preservation of vitamins A and B complex and vitamin D<br \/>\n\u2022 Blue Fish<br \/>\n\u2022 Wild fish<br \/>\n\u2022 Practical and Tasty<\/p>\n","protected":false},"excerpt":{"rendered":"<p>Tuna and Sardine P\u00e2t\u00e9 from the Portuguese brand Mann\u00e1.<\/p>\n<p>2 portions of 22g of Tuna and 2 portions of 22g of Sardine.<\/p>\n<a class=\"btn btn-primary read-more-button\" href=\"https:\/\/www.usisa.com\/en\/tuna-sardine-pate-manna\/\">Leer m\u00e1s<\/a>","protected":false},"featured_media":24944,"comment_status":"open","ping_status":"closed","template":"","meta":{"_acf_changed":false,"_seopress_robots_primary_cat":"","_seopress_titles_title":"","_seopress_titles_desc":"","_seopress_robots_index":"","inline_featured_image":false,"_joinchat":[]},"product_brand":[],"product_cat":[520],"product_tag":[454],"class_list":{"0":"post-5773","1":"product","2":"type-product","3":"status-publish","4":"has-post-thumbnail","6":"product_cat-other-products","7":"product_tag-manna-en","9":"first","10":"instock","11":"taxable","12":"shipping-taxable","13":"purchasable","14":"product-type-simple"},"acf":[],"_links":{"self":[{"href":"https:\/\/www.usisa.com\/en\/wp-json\/wp\/v2\/product\/5773","targetHints":{"allow":["GET"]}}],"collection":[{"href":"https:\/\/www.usisa.com\/en\/wp-json\/wp\/v2\/product"}],"about":[{"href":"https:\/\/www.usisa.com\/en\/wp-json\/wp\/v2\/types\/product"}],"replies":[{"embeddable":true,"href":"https:\/\/www.usisa.com\/en\/wp-json\/wp\/v2\/comments?post=5773"}],"wp:featuredmedia":[{"embeddable":true,"href":"https:\/\/www.usisa.com\/en\/wp-json\/wp\/v2\/media\/24944"}],"wp:attachment":[{"href":"https:\/\/www.usisa.com\/en\/wp-json\/wp\/v2\/media?parent=5773"}],"wp:term":[{"taxonomy":"product_brand","embeddable":true,"href":"https:\/\/www.usisa.com\/en\/wp-json\/wp\/v2\/product_brand?post=5773"},{"taxonomy":"product_cat","embeddable":true,"href":"https:\/\/www.usisa.com\/en\/wp-json\/wp\/v2\/product_cat?post=5773"},{"taxonomy":"product_tag","embeddable":true,"href":"https:\/\/www.usisa.com\/en\/wp-json\/wp\/v2\/product_tag?post=5773"}],"curies":[{"name":"wp","href":"https:\/\/api.w.org\/{rel}","templated":true}]}}